{"id":229,"date":"2017-11-14T15:36:26","date_gmt":"2017-11-14T14:36:26","guid":{"rendered":"https:\/\/eliottrans.ch\/?page_id=229"},"modified":"2021-06-06T19:56:09","modified_gmt":"2021-06-06T17:56:09","slug":"kontakti","status":"publish","type":"page","link":"https:\/\/eliottrans.ch\/fr\/kontakti\/","title":{"rendered":"Contact"},"content":{"rendered":"\n[et_pb_section fb_built=&#8221;1&#8243; fullwidth=&#8221;on&#8221; _builder_version=&#8221;4.9.2&#8243; _module_preset=&#8221;default&#8221; hover_enabled=&#8221;0&#8243; sticky_enabled=&#8221;0&#8243;][et_pb_fullwidth_image src=&#8221;https:\/\/eliottrans.ch\/wp-content\/uploads\/2021\/03\/1-scaled.jpg&#8221; _builder_version=&#8221;4.9.2&#8243; _module_preset=&#8221;default&#8221; title_text=&#8221;1&#8243; hover_enabled=&#8221;0&#8243; sticky_enabled=&#8221;0&#8243; width=&#8221;100%&#8221; max_width=&#8221;100%&#8221; height=&#8221;889px&#8221; height_last_edited=&#8221;on|phone&#8221;][\/et_pb_fullwidth_image][\/et_pb_section][et_pb_section fb_built=&#8221;1&#8243; specialty=&#8221;on&#8221; _builder_version=&#8221;3.22&#8243;][et_pb_column type=&#8221;1_2&#8243; specialty_columns=&#8221;2&#8243; _builder_version=&#8221;3.25&#8243; custom_padding=&#8221;|||&#8221; parallax__hover=&#8221;off&#8221; parallax_method__hover=&#8221;on&#8221; custom_padding__hover=&#8221;|||&#8221;][et_pb_row_inner column_structure=&#8221;1_2,1_2&#8243; _builder_version=&#8221;3.25&#8243;][et_pb_column_inner type=&#8221;1_2&#8243; saved_specialty_column_type=&#8221;1_2&#8243; _builder_version=&#8221;3.25&#8243; custom_padding=&#8221;|||&#8221; parallax__hover=&#8221;off&#8221; parallax_method__hover=&#8221;on&#8221; custom_padding__hover=&#8221;|||&#8221;][et_pb_text _builder_version=&#8221;3.27.4&#8243;]<p><span style=\"font-size: x-large;\">N\u00eb Zvic\u00ebrr :\u00a0<\/span><\/p>\n<p>Avenue saint-dyck 7<br \/>1227 coinsins<br \/>Zt. Vesel Ilazi<br \/><span style=\"font-size: large;\"><strong>+41 78 607 7530<\/strong><\/span><\/p>\n<p><strong><span style=\"color: #e00b00;\"><\/span><\/strong><\/p>[\/et_pb_text][\/et_pb_column_inner][et_pb_column_inner type=&#8221;1_2&#8243; saved_specialty_column_type=&#8221;1_2&#8243; _builder_version=&#8221;3.25&#8243; custom_padding=&#8221;|||&#8221; parallax__hover=&#8221;off&#8221; parallax_method__hover=&#8221;on&#8221; custom_padding__hover=&#8221;|||&#8221;][et_pb_text _builder_version=&#8221;3.27.4&#8243;]<p><span style=\"font-size: x-large;\">Orari pun\u00ebs<\/span><br \/><strong><\/strong><\/p>\n<p><strong>\u00c7do dit\u00eb :<br \/><\/strong><strong><span style=\"color: #e00b00;\">09:00 &#8211; 12:00<\/span><br \/><span style=\"color: #e00b00;\">14:00 &#8211; 20:00<\/span><\/strong><\/p>[\/et_pb_text][\/et_pb_column_inner][\/et_pb_row_inner][\/et_pb_column][et_pb_column type=&#8221;1_2&#8243; _builder_version=&#8221;3.25&#8243; custom_padding=&#8221;|||&#8221; parallax__hover=&#8221;off&#8221; parallax_method__hover=&#8221;on&#8221; custom_padding__hover=&#8221;|||&#8221;][et_pb_map address=&#8221;Saint-Dyck Avenue 7, 1267 Coinsins, Suisse&#8221; zoom_level=&#8221;19&#8243; address_lat=&#8221;46.4294382&#8243; address_lng=&#8221;6.2312765&#8243; _builder_version=&#8221;4.4.4&#8243;][et_pb_map_pin title=&#8221;Eliot Trans &#8211; Suisse&#8221; pin_address=&#8221;Saint-Dyck Avenue 11, 1267 Coinsins, Suisse&#8221; zoom_level=&#8221;19&#8243; pin_address_lat=&#8221;46.429643405928&#8243; pin_address_lng=&#8221;6.2313140509262&#8243; _builder_version=&#8221;4.4.4&#8243;][\/et_pb_map_pin][\/et_pb_map][\/et_pb_column][\/et_pb_section][et_pb_section fb_built=&#8221;1&#8243; _builder_version=&#8221;3.22&#8243; background_color=&#8221;#e02b20&#8243; custom_margin=&#8221;|||&#8221; custom_padding=&#8221;20px||20px|&#8221;][et_pb_row column_structure=&#8221;1_4,1_2,1_4&#8243; _builder_version=&#8221;3.25&#8243;][et_pb_column type=&#8221;1_4&#8243; _builder_version=&#8221;3.25&#8243; custom_padding=&#8221;|||&#8221; custom_padding__hover=&#8221;|||&#8221;][\/et_pb_column][et_pb_column type=&#8221;1_2&#8243; _builder_version=&#8221;3.25&#8243; custom_padding=&#8221;|||&#8221; custom_padding__hover=&#8221;|||&#8221;][et_pb_button button_url=&#8221;https:\/\/eliottrans.ch\/offre\/&#8221; url_new_window=&#8221;on&#8221; button_text=&#8221;Klikoni per ofert\u00eb&#8221; button_alignment=&#8221;center&#8221; _builder_version=&#8221;3.16&#8243; background_layout=&#8221;dark&#8221; button_text_size__hover_enabled=&#8221;off&#8221; button_one_text_size__hover_enabled=&#8221;off&#8221; button_two_text_size__hover_enabled=&#8221;off&#8221; button_text_color__hover_enabled=&#8221;off&#8221; button_one_text_color__hover_enabled=&#8221;off&#8221; button_two_text_color__hover_enabled=&#8221;off&#8221; button_border_width__hover_enabled=&#8221;off&#8221; button_one_border_width__hover_enabled=&#8221;off&#8221; button_two_border_width__hover_enabled=&#8221;off&#8221; button_border_color__hover_enabled=&#8221;off&#8221; button_one_border_color__hover_enabled=&#8221;off&#8221; button_two_border_color__hover_enabled=&#8221;off&#8221; button_border_radius__hover_enabled=&#8221;off&#8221; button_one_border_radius__hover_enabled=&#8221;off&#8221; button_two_border_radius__hover_enabled=&#8221;off&#8221; button_letter_spacing__hover_enabled=&#8221;off&#8221; button_one_letter_spacing__hover_enabled=&#8221;off&#8221; button_two_letter_spacing__hover_enabled=&#8221;off&#8221; button_bg_color__hover_enabled=&#8221;off&#8221; button_one_bg_color__hover_enabled=&#8221;off&#8221; button_two_bg_color__hover_enabled=&#8221;off&#8221;][\/et_pb_button][\/et_pb_column][et_pb_column type=&#8221;1_4&#8243; _builder_version=&#8221;3.25&#8243; custom_padding=&#8221;|||&#8221; custom_padding__hover=&#8221;|||&#8221;][\/et_pb_column][\/et_pb_row][\/et_pb_section][et_pb_section fb_built=&#8221;1&#8243; specialty=&#8221;on&#8221; _builder_version=&#8221;3.22&#8243;][et_pb_column type=&#8221;1_2&#8243; _builder_version=&#8221;3.25&#8243; custom_padding=&#8221;|||&#8221; parallax__hover=&#8221;off&#8221; parallax_method__hover=&#8221;on&#8221; custom_padding__hover=&#8221;|||&#8221;][et_pb_map address=&#8221;Uro\u0161evac&#8221; zoom_level=&#8221;15&#8243; address_lat=&#8221;42.365710904506&#8243; address_lng=&#8221;21.181954531968&#8243; _builder_version=&#8221;4.4.4&#8243;][et_pb_map_pin pin_address=&#8221;M2, Ferizaj&#8221; zoom_level=&#8221;17&#8243; pin_address_lat=&#8221;42.364409657543&#8243; pin_address_lng=&#8221;21.18187180594&#8243; _builder_version=&#8221;4.4.4&#8243;][\/et_pb_map_pin][\/et_pb_map][\/et_pb_column][et_pb_column type=&#8221;1_2&#8243; specialty_columns=&#8221;2&#8243; _builder_version=&#8221;3.25&#8243; custom_padding=&#8221;|||&#8221; parallax__hover=&#8221;off&#8221; parallax_method__hover=&#8221;on&#8221; custom_padding__hover=&#8221;|||&#8221;][et_pb_row_inner _builder_version=&#8221;3.25&#8243;][et_pb_column_inner saved_specialty_column_type=&#8221;1_2&#8243; _builder_version=&#8221;3.25&#8243; custom_padding=&#8221;|||&#8221; parallax__hover=&#8221;off&#8221; parallax_method__hover=&#8221;on&#8221; custom_padding__hover=&#8221;|||&#8221;][et_pb_text _builder_version=&#8221;3.27.4&#8243;]<p><span style=\"font-size: x-large;\">N\u00eb Kosov\u00eb<\/span><\/p>\n<p>Magjistralja Ferizaj-Shkup<br \/>Zt. Xhelal Qerkini<br \/><span style=\"font-size: large;\"><strong>+383 44 127 576<\/strong><\/span><\/p>\n<p><strong>Orari pun\u00ebs<\/strong><\/p>\n<p>\u00c7do dit\u00eb p\u00ebrveq t\u00eb diel\u00ebs<\/p>[\/et_pb_text][\/et_pb_column_inner][\/et_pb_row_inner][\/et_pb_column][\/et_pb_section]\n","protected":false},"excerpt":{"rendered":"<p>N\u00eb Zvic\u00ebrr :\u00a0 Avenue saint-dyck 71227 coinsinsZt. Vesel Ilazi+41 78 607 7530 Orari pun\u00ebs \u00c7do dit\u00eb :09:00 &#8211; 12:0014:00 &#8211; 20:00N\u00eb Kosov\u00eb Magjistralja Ferizaj-ShkupZt. Xhelal Qerkini+383 44 127 576 Orari pun\u00ebs \u00c7do dit\u00eb p\u00ebrveq t\u00eb diel\u00ebs<\/p>","protected":false},"author":1,"featured_media":0,"parent":0,"menu_order":1,"comment_status":"closed","ping_status":"closed","template":"","meta":{"_et_pb_use_builder":"on","_et_pb_old_content":"","_et_gb_content_width":""},"_links":{"self":[{"href":"https:\/\/eliottrans.ch\/fr\/wp-json\/wp\/v2\/pages\/229"}],"collection":[{"href":"https:\/\/eliottrans.ch\/fr\/wp-json\/wp\/v2\/pages"}],"about":[{"href":"https:\/\/eliottrans.ch\/fr\/wp-json\/wp\/v2\/types\/page"}],"author":[{"embeddable":true,"href":"https:\/\/eliottrans.ch\/fr\/wp-json\/wp\/v2\/users\/1"}],"replies":[{"embeddable":true,"href":"https:\/\/eliottrans.ch\/fr\/wp-json\/wp\/v2\/comments?post=229"}],"version-history":[{"count":18,"href":"https:\/\/eliottrans.ch\/fr\/wp-json\/wp\/v2\/pages\/229\/revisions"}],"predecessor-version":[{"id":895,"href":"https:\/\/eliottrans.ch\/fr\/wp-json\/wp\/v2\/pages\/229\/revisions\/895"}],"wp:attachment":[{"href":"https:\/\/eliottrans.ch\/fr\/wp-json\/wp\/v2\/media?parent=229"}],"curies":[{"name":"wp","href":"https:\/\/api.w.org\/{rel}","templated":true}]}}