{"id":231,"date":"2017-11-14T15:36:57","date_gmt":"2017-11-14T14:36:57","guid":{"rendered":"https:\/\/eliottrans.ch\/?page_id=231"},"modified":"2023-06-28T16:00:06","modified_gmt":"2023-06-28T14:00:06","slug":"rreth-nesh","status":"publish","type":"page","link":"https:\/\/eliottrans.ch\/fr\/rreth-nesh\/","title":{"rendered":"A propos"},"content":{"rendered":"<p>[et_pb_section fb_built=&#8221;1&#8243; custom_padding_last_edited=&#8221;on|phone&#8221; disabled_on=&#8221;off|off|off&#8221; _builder_version=&#8221;4.21.0&#8243; background_enable_image=&#8221;off&#8221; background_video_mp4=&#8221;https:\/\/eliottrans.ch\/wp-content\/uploads\/2023\/06\/etLong.mov&#8221; background_video_width=&#8221;100&#8243; width_tablet=&#8221;&#8221; width_phone=&#8221;&#8221; width_last_edited=&#8221;on|phone&#8221; height_tablet=&#8221;&#8221; height_phone=&#8221;&#8221; height_last_edited=&#8221;on|phone&#8221; custom_margin=&#8221;||6px||false|false&#8221; custom_padding=&#8221;||586px||false|false&#8221; custom_padding_tablet=&#8221;&#8221; custom_padding_phone=&#8221;||309px||false|false&#8221; hover_enabled=&#8221;0&#8243; global_colors_info=&#8221;{}&#8221; sticky_enabled=&#8221;0&#8243; min_height_last_edited=&#8221;on|phone&#8221;][\/et_pb_section][et_pb_section fb_built=&#8221;1&#8243; admin_label=&#8221;section&#8221; _builder_version=&#8221;4.16&#8243; global_colors_info=&#8221;{}&#8221;][et_pb_row admin_label=&#8221;row&#8221; _builder_version=&#8221;4.16&#8243; background_size=&#8221;initial&#8221; background_position=&#8221;top_left&#8221; background_repeat=&#8221;repeat&#8221; global_colors_info=&#8221;{}&#8221;][et_pb_column type=&#8221;4_4&#8243; _builder_version=&#8221;4.16&#8243; custom_padding=&#8221;|||&#8221; global_colors_info=&#8221;{}&#8221; custom_padding__hover=&#8221;|||&#8221;][et_pb_text admin_label=&#8221;Text&#8221; _builder_version=&#8221;4.16&#8243; background_size=&#8221;initial&#8221; background_position=&#8221;top_left&#8221; background_repeat=&#8221;repeat&#8221; inline_fonts=&#8221;Abel&#8221; global_colors_info=&#8221;{}&#8221;]<\/p>\n<blockquote>\n<p style=\"text-align: justify;\"><span style=\"font-family: Abel; font-weight: normal; font-size: x-large;\">N\u00eb vjesht\u00ebn e vitit 1997, duke par\u00eb, q\u00eb n\u00eb Zvic\u00ebr jetonte nj\u00eb komunitet i r\u00ebnd\u00ebsishem i kosovar\u00ebve, na lindi ideja q\u00eb ky komunitet kishte nevoj\u00eb p\u00ebr transportimin e d\u00ebrgesave t\u00eb llojit t\u00eb ndryesh\u00ebm p\u00ebr Kosov\u00eb(n\u00eb at\u00eb koh\u00eb n\u00ebn pushtimin Jugosllav), pasi q\u00eb posta nuk funksiononte si duhet p\u00ebr shkak t\u00eb embargos q\u00eb ishte imponuar aso kohe p\u00ebr Jugosllavin\u00eb.<\/span><\/p>\n<p style=\"text-align: justify;\"><span style=\"font-family: Abel; font-weight: normal; font-size: x-large;\">N\u00eb fillim kishim filluar pun\u00ebn me nj\u00eb furgon 17m\u00b3 dhe gruponim materialin si\u00a0; valixhe, paketa, tv, dhoma gjumi, teknik\u00eb t\u00eb bardh\u00eb etj, t\u00eb cilat i stokonim n\u00eb bodrumin e banes\u00ebs. Kjo nuk zgjati shum\u00eb, sepse n\u00eb fillim t\u00eb vitit 1998 filloi lufta ne Kosov\u00eb dhe u detyruam ta nd\u00ebrprisnim k\u00ebt\u00eb aktivitet. Qarkullimet ishin, 1 deri 2 furgona n\u00eb muaj, gj\u00eb q\u00eb i plot\u00ebsonim nevojat e bashkat\u00ebdhetar\u00ebve n\u00eb perimetrin ku vepronim aso kohe, pra, n\u00eb GE, VD, VS dhe FR. Pas vitit 1999, k\u00ebrkesat p\u00ebr transport ishin m\u00eb t\u00eb m\u00ebdha dhe filluam zgjerimin n\u00eb pjes\u00eb tjera t\u00eb Zvicr\u00ebs, gj\u00eb q\u00eb nd\u00ebrmarrja u rrit me intenzitet t\u00eb shpejt\u00eb, fal\u00eb pun\u00ebs son\u00eb t\u00eb p\u00ebrgjegjshme vis-\u00e0-vis klient\u00ebve.<\/span><\/p>\n<p style=\"text-align: justify;\"><span style=\"font-family: Abel; font-weight: normal; font-size: x-large;\">\u00c7mimet e volitshme, korekt\u00ebsia, shpejt\u00ebsia n\u00eb pun\u00eb dhe cil\u00ebsia, b\u00ebn\u00eb q\u00eb nd\u00ebrmmarja jon\u00eb t\u00eb vlersohej \u00e7do dit\u00eb e m\u00eb shum\u00eb nga klient\u00ebt, ndaj t\u00eb cil\u00ebve kishim p\u00ebrgjegj\u00ebsi, q\u00eb transporti t\u00eb kryhej ; shpejt dhe sigurt. Merrnim komplimente t\u00eb panum\u00ebrta nga klient\u00ebt tan\u00eb dhe kjo b\u00ebri q\u00eb ata(klient\u00ebt) t\u00eb b\u00ebnin publicitetin m\u00eb t\u00eb mir\u00eb p\u00ebr kompanin\u00eb ton\u00eb.<\/span><\/p>\n<\/blockquote>\n<p>[\/et_pb_text][\/et_pb_column][\/et_pb_row][\/et_pb_section]<\/p>\n","protected":false},"excerpt":{"rendered":"<p>N\u00eb vjesht\u00ebn e vitit 1997, duke par\u00eb, q\u00eb n\u00eb Zvic\u00ebr jetonte nj\u00eb komunitet i r\u00ebnd\u00ebsishem i kosovar\u00ebve, na lindi ideja q\u00eb ky komunitet kishte nevoj\u00eb p\u00ebr transportimin e d\u00ebrgesave t\u00eb llojit t\u00eb ndryesh\u00ebm p\u00ebr Kosov\u00eb(n\u00eb at\u00eb koh\u00eb n\u00ebn pushtimin Jugosllav), pasi q\u00eb posta nuk funksiononte si duhet p\u00ebr shkak t\u00eb embargos q\u00eb ishte imponuar aso [&hellip;]<\/p>\n","protected":false},"author":1,"featured_media":0,"parent":0,"menu_order":2,"comment_status":"closed","ping_status":"closed","template":"","meta":{"_et_pb_use_builder":"on","_et_pb_old_content":"","_et_gb_content_width":""},"_links":{"self":[{"href":"https:\/\/eliottrans.ch\/fr\/wp-json\/wp\/v2\/pages\/231"}],"collection":[{"href":"https:\/\/eliottrans.ch\/fr\/wp-json\/wp\/v2\/pages"}],"about":[{"href":"https:\/\/eliottrans.ch\/fr\/wp-json\/wp\/v2\/types\/page"}],"author":[{"embeddable":true,"href":"https:\/\/eliottrans.ch\/fr\/wp-json\/wp\/v2\/users\/1"}],"replies":[{"embeddable":true,"href":"https:\/\/eliottrans.ch\/fr\/wp-json\/wp\/v2\/comments?post=231"}],"version-history":[{"count":14,"href":"https:\/\/eliottrans.ch\/fr\/wp-json\/wp\/v2\/pages\/231\/revisions"}],"predecessor-version":[{"id":926,"href":"https:\/\/eliottrans.ch\/fr\/wp-json\/wp\/v2\/pages\/231\/revisions\/926"}],"wp:attachment":[{"href":"https:\/\/eliottrans.ch\/fr\/wp-json\/wp\/v2\/media?parent=231"}],"curies":[{"name":"wp","href":"https:\/\/api.w.org\/{rel}","templated":true}]}}